{"id":34,"date":"2018-04-06T13:55:15","date_gmt":"2018-04-06T13:55:15","guid":{"rendered":"http:\/\/themes.muffingroup.com\/be\/architect3\/?page_id=34"},"modified":"2021-06-15T15:57:27","modified_gmt":"2021-06-15T15:57:27","slug":"contact","status":"publish","type":"page","link":"https:\/\/www.kirbiyik.av.tr\/en\/contact\/","title":{"rendered":"Contact"},"content":{"rendered":"\t\t<div data-elementor-type=\"wp-page\" data-elementor-id=\"34\" class=\"elementor elementor-34\">\n\t\t\t\t\t\t<div class=\"elementor-inner\">\n\t\t\t\t<div class=\"elementor-section-wrap\">\n\t\t\t\t\t\t\t\t\t<section class=\"elementor-section elementor-top-section elementor-element elementor-element-7a342b5 elementor-section-boxed elementor-section-height-default elementor-section-height-default\" data-id=\"7a342b5\" data-element_type=\"section\">\n\t\t\t\t\t\t<div class=\"elementor-container elementor-column-gap-default\">\n\t\t\t\t\t\t\t<div class=\"elementor-row\">\n\t\t\t\t\t<div class=\"elementor-column elementor-col-50 elementor-top-column elementor-element elementor-element-ec60e36\" data-id=\"ec60e36\" data-element_type=\"column\">\n\t\t\t<div class=\"elementor-column-wrap elementor-element-populated\">\n\t\t\t\t\t\t\t<div class=\"elementor-widget-wrap\">\n\t\t\t\t\t\t<div class=\"elementor-element elementor-element-600541d elementor-widget elementor-widget-mfn_contact_box\" data-id=\"600541d\" data-element_type=\"widget\" data-widget_type=\"mfn_contact_box.default\">\n\t\t\t\t<div class=\"elementor-widget-container\">\n\t\t\t<div class=\"get_in_touch\" ><div class=\"get_in_touch_wrapper\"><ul><li class=\"address\"><span class=\"icon\"><i class=\"icon-location\" aria-label=\"address\"><\/i><\/span><span class=\"address_wrapper\">Maslak Mah. S\u00f6\u011f\u00fct Sok. No: 20 A\u011fao\u011flu Maslak 1453 T4-A Blok No: 74 Sar\u0131yer \u0130stanbul<\/span><\/li><li class=\"phone phone-1\"><span class=\"icon\"><i class=\"icon-phone\" aria-label=\"phone\"><\/i><\/span><p><a href=\"tel:+902128070668\">+90 212 807 0668<\/a><\/p><\/li><li class=\"mail\"><span class=\"icon\"><i class=\"icon-mail\" aria-label=\"mail\"><\/i><\/span><p><a href=\"mailto:info@kirbiyik.av.tr\">info@kirbiyik.av.tr<\/a><\/p><\/li><\/ul><\/div><\/div>\n\t\t<\/div>\n\t\t\t\t<\/div>\n\t\t\t\t\t\t<\/div>\n\t\t\t\t\t<\/div>\n\t\t<\/div>\n\t\t\t\t<div class=\"elementor-column elementor-col-50 elementor-top-column elementor-element elementor-element-b71fa61\" data-id=\"b71fa61\" data-element_type=\"column\">\n\t\t\t<div class=\"elementor-column-wrap elementor-element-populated\">\n\t\t\t\t\t\t\t<div class=\"elementor-widget-wrap\">\n\t\t\t\t\t\t<div class=\"elementor-element elementor-element-35603b7 elementor-widget elementor-widget-google_maps\" data-id=\"35603b7\" data-element_type=\"widget\" data-widget_type=\"google_maps.default\">\n\t\t\t\t<div class=\"elementor-widget-container\">\n\t\t\t\t\t<div class=\"elementor-custom-embed\">\n\t\t\t<iframe loading=\"lazy\"\n\t\t\t\t\tsrc=\"https:\/\/maps.google.com\/maps?q=maslak&#038;t=m&#038;z=10&#038;output=embed&#038;iwloc=near\"\n\t\t\t\t\ttitle=\"maslak\"\n\t\t\t\t\taria-label=\"maslak\"\n\t\t\t><\/iframe>\n\t\t<\/div>\n\t\t\t\t<\/div>\n\t\t\t\t<\/div>\n\t\t\t\t\t\t<\/div>\n\t\t\t\t\t<\/div>\n\t\t<\/div>\n\t\t\t\t\t\t\t\t<\/div>\n\t\t\t\t\t<\/div>\n\t\t<\/section>\n\t\t\t\t<section class=\"elementor-section elementor-top-section elementor-element elementor-element-831282d elementor-section-boxed elementor-section-height-default elementor-section-height-default\" data-id=\"831282d\" data-element_type=\"section\">\n\t\t\t\t\t\t<div class=\"elementor-container elementor-column-gap-default\">\n\t\t\t\t\t\t\t<div class=\"elementor-row\">\n\t\t\t\t\t<div class=\"elementor-column elementor-col-100 elementor-top-column elementor-element elementor-element-774f090\" data-id=\"774f090\" data-element_type=\"column\">\n\t\t\t<div class=\"elementor-column-wrap elementor-element-populated\">\n\t\t\t\t\t\t\t<div class=\"elementor-widget-wrap\">\n\t\t\t\t\t\t<div class=\"elementor-element elementor-element-fca8ea1 elementor-widget elementor-widget-spacer\" data-id=\"fca8ea1\" data-element_type=\"widget\" data-widget_type=\"spacer.default\">\n\t\t\t\t<div class=\"elementor-widget-container\">\n\t\t\t\t\t<div class=\"elementor-spacer\">\n\t\t\t<div class=\"elementor-spacer-inner\"><\/div>\n\t\t<\/div>\n\t\t\t\t<\/div>\n\t\t\t\t<\/div>\n\t\t\t\t\t\t<\/div>\n\t\t\t\t\t<\/div>\n\t\t<\/div>\n\t\t\t\t\t\t\t\t<\/div>\n\t\t\t\t\t<\/div>\n\t\t<\/section>\n\t\t\t\t\t\t\t\t\t<\/div>\n\t\t\t<\/div>\n\t\t\t\t\t<\/div>\n\t\t","protected":false},"excerpt":{"rendered":"<p>Maslak Mah. S\u00f6\u011f\u00fct Sok. No: 20 A\u011fao\u011flu Maslak 1453 T4-A Blok No: 74 Sar\u0131yer \u0130stanbul +90 212 807 0668 info@kirbiyik.av.tr<\/p>\n","protected":false},"author":1,"featured_media":55,"parent":0,"menu_order":0,"comment_status":"closed","ping_status":"closed","template":"","meta":[],"yoast_head":"<!-- This site is optimized with the Yoast SEO plugin v20.8 - https:\/\/yoast.com\/wordpress\/plugins\/seo\/ -->\n<title>Contact | K\u0131rb\u0131y\u0131k Law Firm<\/title>\n<meta name=\"robots\" content=\"index, follow, max-snippet:-1, max-image-preview:large, max-video-preview:-1\" \/>\n<link rel=\"canonical\" href=\"https:\/\/www.kirbiyik.av.tr\/en\/contact\/\" \/>\n<meta property=\"og:locale\" content=\"en_US\" \/>\n<meta property=\"og:type\" content=\"article\" \/>\n<meta property=\"og:title\" content=\"Contact | K\u0131rb\u0131y\u0131k Law Firm\" \/>\n<meta property=\"og:description\" content=\"Maslak Mah. S\u00f6\u011f\u00fct Sok. No: 20 A\u011fao\u011flu Maslak 1453 T4-A Blok No: 74 Sar\u0131yer \u0130stanbul +90 212 807 0668 info@kirbiyik.av.tr\" \/>\n<meta property=\"og:url\" content=\"https:\/\/www.kirbiyik.av.tr\/en\/contact\/\" \/>\n<meta property=\"og:site_name\" content=\"K\u0131rb\u0131y\u0131k Law Firm\" \/>\n<meta property=\"article:modified_time\" content=\"2021-06-15T15:57:27+00:00\" \/>\n<meta property=\"og:image\" content=\"https:\/\/www.kirbiyik.av.tr\/en\/wp-content\/uploads\/2018\/04\/home_architect3_header3.jpg\" \/>\n\t<meta property=\"og:image:width\" content=\"1920\" \/>\n\t<meta property=\"og:image:height\" content=\"820\" \/>\n\t<meta property=\"og:image:type\" content=\"image\/jpeg\" \/>\n<meta name=\"twitter:card\" content=\"summary_large_image\" \/>\n<script type=\"application\/ld+json\" class=\"yoast-schema-graph\">{\"@context\":\"https:\/\/schema.org\",\"@graph\":[{\"@type\":\"WebPage\",\"@id\":\"https:\/\/www.kirbiyik.av.tr\/en\/contact\/\",\"url\":\"https:\/\/www.kirbiyik.av.tr\/en\/contact\/\",\"name\":\"Contact | K\u0131rb\u0131y\u0131k Law Firm\",\"isPartOf\":{\"@id\":\"https:\/\/www.kirbiyik.av.tr\/en\/#website\"},\"datePublished\":\"2018-04-06T13:55:15+00:00\",\"dateModified\":\"2021-06-15T15:57:27+00:00\",\"breadcrumb\":{\"@id\":\"https:\/\/www.kirbiyik.av.tr\/en\/contact\/#breadcrumb\"},\"inLanguage\":\"en-US\",\"potentialAction\":[{\"@type\":\"ReadAction\",\"target\":[\"https:\/\/www.kirbiyik.av.tr\/en\/contact\/\"]}]},{\"@type\":\"BreadcrumbList\",\"@id\":\"https:\/\/www.kirbiyik.av.tr\/en\/contact\/#breadcrumb\",\"itemListElement\":[{\"@type\":\"ListItem\",\"position\":1,\"name\":\"Home\",\"item\":\"https:\/\/www.kirbiyik.av.tr\/en\/\"},{\"@type\":\"ListItem\",\"position\":2,\"name\":\"Contact\"}]},{\"@type\":\"WebSite\",\"@id\":\"https:\/\/www.kirbiyik.av.tr\/en\/#website\",\"url\":\"https:\/\/www.kirbiyik.av.tr\/en\/\",\"name\":\"K\u0131rb\u0131y\u0131k Law Firm\",\"description\":\"Avukat \u00d6mer K\u0131rb\u0131y\u0131k\",\"publisher\":{\"@id\":\"https:\/\/www.kirbiyik.av.tr\/en\/#organization\"},\"potentialAction\":[{\"@type\":\"SearchAction\",\"target\":{\"@type\":\"EntryPoint\",\"urlTemplate\":\"https:\/\/www.kirbiyik.av.tr\/en\/?s={search_term_string}\"},\"query-input\":\"required name=search_term_string\"}],\"inLanguage\":\"en-US\"},{\"@type\":\"Organization\",\"@id\":\"https:\/\/www.kirbiyik.av.tr\/en\/#organization\",\"name\":\"K\u0131rb\u0131y\u0131k Law Firm\",\"url\":\"https:\/\/www.kirbiyik.av.tr\/en\/\",\"logo\":{\"@type\":\"ImageObject\",\"inLanguage\":\"en-US\",\"@id\":\"https:\/\/www.kirbiyik.av.tr\/en\/#\/schema\/logo\/image\/\",\"url\":\"https:\/\/www.kirbiyik.av.tr\/en\/wp-content\/uploads\/2023\/06\/kiribiyik-logo.jpeg\",\"contentUrl\":\"https:\/\/www.kirbiyik.av.tr\/en\/wp-content\/uploads\/2023\/06\/kiribiyik-logo.jpeg\",\"width\":200,\"height\":200,\"caption\":\"K\u0131rb\u0131y\u0131k Law Firm\"},\"image\":{\"@id\":\"https:\/\/www.kirbiyik.av.tr\/en\/#\/schema\/logo\/image\/\"},\"sameAs\":[\"https:\/\/www.linkedin.com\/company\/kirbiyik-law-firm\/\"]}]}<\/script>\n<!-- \/ Yoast SEO plugin. -->","yoast_head_json":{"title":"Contact | K\u0131rb\u0131y\u0131k Law Firm","robots":{"index":"index","follow":"follow","max-snippet":"max-snippet:-1","max-image-preview":"max-image-preview:large","max-video-preview":"max-video-preview:-1"},"canonical":"https:\/\/www.kirbiyik.av.tr\/en\/contact\/","og_locale":"en_US","og_type":"article","og_title":"Contact | K\u0131rb\u0131y\u0131k Law Firm","og_description":"Maslak Mah. S\u00f6\u011f\u00fct Sok. No: 20 A\u011fao\u011flu Maslak 1453 T4-A Blok No: 74 Sar\u0131yer \u0130stanbul +90 212 807 0668 info@kirbiyik.av.tr","og_url":"https:\/\/www.kirbiyik.av.tr\/en\/contact\/","og_site_name":"K\u0131rb\u0131y\u0131k Law Firm","article_modified_time":"2021-06-15T15:57:27+00:00","og_image":[{"width":1920,"height":820,"url":"https:\/\/www.kirbiyik.av.tr\/en\/wp-content\/uploads\/2018\/04\/home_architect3_header3.jpg","type":"image\/jpeg"}],"twitter_card":"summary_large_image","schema":{"@context":"https:\/\/schema.org","@graph":[{"@type":"WebPage","@id":"https:\/\/www.kirbiyik.av.tr\/en\/contact\/","url":"https:\/\/www.kirbiyik.av.tr\/en\/contact\/","name":"Contact | K\u0131rb\u0131y\u0131k Law Firm","isPartOf":{"@id":"https:\/\/www.kirbiyik.av.tr\/en\/#website"},"datePublished":"2018-04-06T13:55:15+00:00","dateModified":"2021-06-15T15:57:27+00:00","breadcrumb":{"@id":"https:\/\/www.kirbiyik.av.tr\/en\/contact\/#breadcrumb"},"inLanguage":"en-US","potentialAction":[{"@type":"ReadAction","target":["https:\/\/www.kirbiyik.av.tr\/en\/contact\/"]}]},{"@type":"BreadcrumbList","@id":"https:\/\/www.kirbiyik.av.tr\/en\/contact\/#breadcrumb","itemListElement":[{"@type":"ListItem","position":1,"name":"Home","item":"https:\/\/www.kirbiyik.av.tr\/en\/"},{"@type":"ListItem","position":2,"name":"Contact"}]},{"@type":"WebSite","@id":"https:\/\/www.kirbiyik.av.tr\/en\/#website","url":"https:\/\/www.kirbiyik.av.tr\/en\/","name":"K\u0131rb\u0131y\u0131k Law Firm","description":"Avukat \u00d6mer K\u0131rb\u0131y\u0131k","publisher":{"@id":"https:\/\/www.kirbiyik.av.tr\/en\/#organization"},"potentialAction":[{"@type":"SearchAction","target":{"@type":"EntryPoint","urlTemplate":"https:\/\/www.kirbiyik.av.tr\/en\/?s={search_term_string}"},"query-input":"required name=search_term_string"}],"inLanguage":"en-US"},{"@type":"Organization","@id":"https:\/\/www.kirbiyik.av.tr\/en\/#organization","name":"K\u0131rb\u0131y\u0131k Law Firm","url":"https:\/\/www.kirbiyik.av.tr\/en\/","logo":{"@type":"ImageObject","inLanguage":"en-US","@id":"https:\/\/www.kirbiyik.av.tr\/en\/#\/schema\/logo\/image\/","url":"https:\/\/www.kirbiyik.av.tr\/en\/wp-content\/uploads\/2023\/06\/kiribiyik-logo.jpeg","contentUrl":"https:\/\/www.kirbiyik.av.tr\/en\/wp-content\/uploads\/2023\/06\/kiribiyik-logo.jpeg","width":200,"height":200,"caption":"K\u0131rb\u0131y\u0131k Law Firm"},"image":{"@id":"https:\/\/www.kirbiyik.av.tr\/en\/#\/schema\/logo\/image\/"},"sameAs":["https:\/\/www.linkedin.com\/company\/kirbiyik-law-firm\/"]}]}},"_links":{"self":[{"href":"https:\/\/www.kirbiyik.av.tr\/en\/wp-json\/wp\/v2\/pages\/34"}],"collection":[{"href":"https:\/\/www.kirbiyik.av.tr\/en\/wp-json\/wp\/v2\/pages"}],"about":[{"href":"https:\/\/www.kirbiyik.av.tr\/en\/wp-json\/wp\/v2\/types\/page"}],"author":[{"embeddable":true,"href":"https:\/\/www.kirbiyik.av.tr\/en\/wp-json\/wp\/v2\/users\/1"}],"replies":[{"embeddable":true,"href":"https:\/\/www.kirbiyik.av.tr\/en\/wp-json\/wp\/v2\/comments?post=34"}],"version-history":[{"count":16,"href":"https:\/\/www.kirbiyik.av.tr\/en\/wp-json\/wp\/v2\/pages\/34\/revisions"}],"predecessor-version":[{"id":1175,"href":"https:\/\/www.kirbiyik.av.tr\/en\/wp-json\/wp\/v2\/pages\/34\/revisions\/1175"}],"wp:featuredmedia":[{"embeddable":true,"href":"https:\/\/www.kirbiyik.av.tr\/en\/wp-json\/wp\/v2\/media\/55"}],"wp:attachment":[{"href":"https:\/\/www.kirbiyik.av.tr\/en\/wp-json\/wp\/v2\/media?parent=34"}],"curies":[{"name":"wp","href":"https:\/\/api.w.org\/{rel}","templated":true}]}}